{"id":2212,"date":"2024-03-16T17:13:51","date_gmt":"2024-03-16T16:13:51","guid":{"rendered":"https:\/\/evoliarh.com\/?page_id=2212"},"modified":"2024-04-28T18:51:09","modified_gmt":"2024-04-28T16:51:09","slug":"outplacement","status":"publish","type":"page","link":"https:\/\/evoliarh.com\/index.php\/outplacement\/","title":{"rendered":"Outplacement"},"content":{"rendered":"\t\t<div data-elementor-type=\"wp-post\" data-elementor-id=\"2212\" class=\"elementor elementor-2212\">\n\t\t\t\t\t\t<section class=\"elementor-section elementor-top-section elementor-element elementor-element-226bc03 elementor-section-boxed elementor-section-height-default elementor-section-height-default\" data-id=\"226bc03\" data-element_type=\"section\" data-e-type=\"section\" data-settings=\"{&quot;background_background&quot;:&quot;classic&quot;}\">\n\t\t\t\t\t\t\t<div class=\"elementor-background-overlay\"><\/div>\n\t\t\t\t\t\t\t<div class=\"elementor-container elementor-column-gap-no\">\n\t\t\t\t\t<div class=\"elementor-column elementor-col-100 elementor-top-column elementor-element elementor-element-50d1d5b\" data-id=\"50d1d5b\" data-element_type=\"column\" data-e-type=\"column\">\n\t\t\t<div class=\"elementor-widget-wrap elementor-element-populated\">\n\t\t\t\t\t\t<div class=\"elementor-element elementor-element-256d48a elementor-widget elementor-widget-heading\" data-id=\"256d48a\" data-element_type=\"widget\" data-e-type=\"widget\" data-widget_type=\"heading.default\">\n\t\t\t\t<div class=\"elementor-widget-container\">\n\t\t\t\t\t<h5 class=\"elementor-heading-title elementor-size-default\">Services aux Entreprises<\/h5>\t\t\t\t<\/div>\n\t\t\t\t<\/div>\n\t\t\t\t<div class=\"elementor-element elementor-element-8c0d8b6 elementor-widget elementor-widget-heading\" data-id=\"8c0d8b6\" data-element_type=\"widget\" data-e-type=\"widget\" data-widget_type=\"heading.default\">\n\t\t\t\t<div class=\"elementor-widget-container\">\n\t\t\t\t\t<h1 class=\"elementor-heading-title elementor-size-default\">Outplacement \u00e0 Lille<\/h1>\t\t\t\t<\/div>\n\t\t\t\t<\/div>\n\t\t\t\t\t<\/div>\n\t\t<\/div>\n\t\t\t\t\t<\/div>\n\t\t<\/section>\n\t\t\t\t<section class=\"elementor-section elementor-top-section elementor-element elementor-element-8dee561 elementor-section-content-middle elementor-section-boxed elementor-section-height-default elementor-section-height-default\" data-id=\"8dee561\" data-element_type=\"section\" data-e-type=\"section\" data-settings=\"{&quot;background_background&quot;:&quot;classic&quot;}\">\n\t\t\t\t\t\t<div class=\"elementor-container elementor-column-gap-no\">\n\t\t\t\t\t<div class=\"elementor-column elementor-col-100 elementor-top-column elementor-element elementor-element-2fa39b7\" data-id=\"2fa39b7\" data-element_type=\"column\" data-e-type=\"column\">\n\t\t\t<div class=\"elementor-widget-wrap elementor-element-populated\">\n\t\t\t\t\t\t<div class=\"elementor-element elementor-element-3d41b6c elementor-widget elementor-widget-text-editor\" data-id=\"3d41b6c\" data-element_type=\"widget\" data-e-type=\"widget\" data-widget_type=\"text-editor.default\">\n\t\t\t\t<div class=\"elementor-widget-container\">\n\t\t\t\t\t\t\t\t\t<p>Lorsque le parcours professionnel de l&rsquo;un de vos collaborateurs prend un tournant inattendu, l&rsquo;outplacement devient la cl\u00e9 qui transforme cette p\u00e9riode de transition en une opportunit\u00e9 positive. EvoliaRH intervient pour un outplacement \u00e0 Lille ou dans les Hauts de France.<\/p>\t\t\t\t\t\t\t\t<\/div>\n\t\t\t\t<\/div>\n\t\t\t\t<section class=\"elementor-section elementor-inner-section elementor-element elementor-element-c35c7f3 elementor-reverse-mobile elementor-section-boxed elementor-section-height-default elementor-section-height-default\" data-id=\"c35c7f3\" data-element_type=\"section\" data-e-type=\"section\">\n\t\t\t\t\t\t<div class=\"elementor-container elementor-column-gap-no\">\n\t\t\t\t\t<div class=\"elementor-column elementor-col-50 elementor-inner-column elementor-element elementor-element-7e32c6a\" data-id=\"7e32c6a\" data-element_type=\"column\" data-e-type=\"column\">\n\t\t\t<div class=\"elementor-widget-wrap elementor-element-populated\">\n\t\t\t\t\t\t<div class=\"elementor-element elementor-element-b557efc elementor-widget elementor-widget-heading\" data-id=\"b557efc\" data-element_type=\"widget\" data-e-type=\"widget\" data-widget_type=\"heading.default\">\n\t\t\t\t<div class=\"elementor-widget-container\">\n\t\t\t\t\t<h2 class=\"elementor-heading-title elementor-size-default\">Outplacement \u00e0 Lille ou dans les Hauts de France<\/h2>\t\t\t\t<\/div>\n\t\t\t\t<\/div>\n\t\t\t\t<div class=\"elementor-element elementor-element-ddb6714 elementor-widget elementor-widget-heading\" data-id=\"ddb6714\" data-element_type=\"widget\" data-e-type=\"widget\" data-widget_type=\"heading.default\">\n\t\t\t\t<div class=\"elementor-widget-container\">\n\t\t\t\t\t<h4 class=\"elementor-heading-title elementor-size-default\">Qu'est-ce qu'un outplacement ?<\/h4>\t\t\t\t<\/div>\n\t\t\t\t<\/div>\n\t\t\t\t<div class=\"elementor-element elementor-element-e6c3169 elementor-widget elementor-widget-text-editor\" data-id=\"e6c3169\" data-element_type=\"widget\" data-e-type=\"widget\" data-widget_type=\"text-editor.default\">\n\t\t\t\t<div class=\"elementor-widget-container\">\n\t\t\t\t\t\t\t\t\t<p>Si vous souhaitez en savoir davantage, d\u2019un point de vue g\u00e9n\u00e9ral, sur ce qu\u2019est un outplacement, nous vous invitons \u00e0 visiter cette page :<\/p>\t\t\t\t\t\t\t\t<\/div>\n\t\t\t\t<\/div>\n\t\t\t\t<div class=\"elementor-element elementor-element-3e6672b elementor-widget elementor-widget-button\" data-id=\"3e6672b\" data-element_type=\"widget\" data-e-type=\"widget\" data-widget_type=\"button.default\">\n\t\t\t\t<div class=\"elementor-widget-container\">\n\t\t\t\t\t\t\t\t\t<div class=\"elementor-button-wrapper\">\n\t\t\t\t\t<a class=\"elementor-button elementor-button-link elementor-size-sm\" href=\"https:\/\/evoliarh.com\/index.php\/coaching-professionnel-et-outplacement\/\">\n\t\t\t\t\t\t<span class=\"elementor-button-content-wrapper\">\n\t\t\t\t\t\t\t\t\t<span class=\"elementor-button-text\">Cliquez ici<\/span>\n\t\t\t\t\t<\/span>\n\t\t\t\t\t<\/a>\n\t\t\t\t<\/div>\n\t\t\t\t\t\t\t\t<\/div>\n\t\t\t\t<\/div>\n\t\t\t\t<div class=\"elementor-element elementor-element-0c13222 elementor-widget elementor-widget-spacer\" data-id=\"0c13222\" data-element_type=\"widget\" data-e-type=\"widget\" data-widget_type=\"spacer.default\">\n\t\t\t\t<div class=\"elementor-widget-container\">\n\t\t\t\t\t\t\t<div class=\"elementor-spacer\">\n\t\t\t<div class=\"elementor-spacer-inner\"><\/div>\n\t\t<\/div>\n\t\t\t\t\t\t<\/div>\n\t\t\t\t<\/div>\n\t\t\t\t<div class=\"elementor-element elementor-element-e7c6d57 elementor-widget elementor-widget-heading\" data-id=\"e7c6d57\" data-element_type=\"widget\" data-e-type=\"widget\" data-widget_type=\"heading.default\">\n\t\t\t\t<div class=\"elementor-widget-container\">\n\t\t\t\t\t<h4 class=\"elementor-heading-title elementor-size-default\">Quels avantages pour vous et pour le collaborateur \u00e0 travailler avec EvoliaRH ?<\/h4>\t\t\t\t<\/div>\n\t\t\t\t<\/div>\n\t\t\t\t<div class=\"elementor-element elementor-element-675f57b elementor-widget elementor-widget-text-editor\" data-id=\"675f57b\" data-element_type=\"widget\" data-e-type=\"widget\" data-widget_type=\"text-editor.default\">\n\t\t\t\t<div class=\"elementor-widget-container\">\n\t\t\t\t\t\t\t\t\t<p><span style=\"font-style: inherit; font-weight: inherit; background-color: var(--ast-global-color-4); color: var(--ast-global-color-3);\">Les enjeux d\u2019un outplacement ou d&rsquo;un coaching de transition professionnelle sont :<\/span><\/p><ul><li>Accompagner le collaborateur \u00e0 d\u00e9finir un nouveau projet externe \u00e0 l\u2019entreprise correspondant \u00e0 ses aspirations et comp\u00e9tences, tout en \u00e9tant coh\u00e9rent avec le march\u00e9 de l&#8217;emploi. La faisabilit\u00e9 du projet est \u00e9valu\u00e9e ainsi que le sujet d\u2019une \u00e9ventuelle formation. Ce processus peut rev\u00eatir la forme d&rsquo;un bilan de comp\u00e9tences.<\/li><li>Soutenir le collaborateur et faciliter le retour \u00e0 l&#8217;emploi. Le coach poss\u00e8de un r\u00f4le cl\u00e9 pour aider la personne \u00e0 casser ses croyances limitantes et \u00e0 d\u00e9velopper son r\u00e9seau.<\/li><li>D\u00e9finir et mettre en \u0153uvre une strat\u00e9gie efficace, rapide et durable de retour \u00e0 l\u2019emploi.<\/li><\/ul><p>En tant que cabinet RH sp\u00e9cialis\u00e9 en \u00e9volution professionnelle, EvoliaRH propose des prestations de bilan de comp\u00e9tences, et de coaching professionnel. Pas besoin de multiplier les cabinets et consultants externes ! En choisissant EvoliaRH, vous aurez ainsi tous les outils n\u00e9cessaires pour mener \u00e0 bien vos reclassements.<\/p>\t\t\t\t\t\t\t\t<\/div>\n\t\t\t\t<\/div>\n\t\t\t\t<div class=\"elementor-element elementor-element-679388b elementor-widget elementor-widget-heading\" data-id=\"679388b\" data-element_type=\"widget\" data-e-type=\"widget\" data-widget_type=\"heading.default\">\n\t\t\t\t<div class=\"elementor-widget-container\">\n\t\t\t\t\t<h4 class=\"elementor-heading-title elementor-size-default\">Notre m\u00e9thodologie\n<\/h4>\t\t\t\t<\/div>\n\t\t\t\t<\/div>\n\t\t\t\t<div class=\"elementor-element elementor-element-d583df7 elementor-widget elementor-widget-text-editor\" data-id=\"d583df7\" data-element_type=\"widget\" data-e-type=\"widget\" data-widget_type=\"text-editor.default\">\n\t\t\t\t<div class=\"elementor-widget-container\">\n\t\t\t\t\t\t\t\t\t<p>Chez EvoliaRH, notre approche repose sur le coaching de transition. En tant que coach, nous ne cherchons pas un projet pour le candidat, mais nous l\u2019accompagnons tout au long du processus \u00e0 retrouver lui-m\u00eame l\u2019activit\u00e9 professionnelle qui correspond le mieux \u00e0 ses aspirations. Qu\u2019il s\u2019agisse d\u2019une recherche d\u2019un nouveau poste ou d\u2019une cr\u00e9ation d\u2019activit\u00e9, nous offrons un soutien complet \u00e0 votre ancien collaborateur de la phase de deuil jusqu\u2019\u00e0 la concr\u00e9tisation de son projet.<\/p><p>Notre objectif\u00a0: favoriser votre image employeur \u00e0 travers le succ\u00e8s de votre ancien collaborateur dans la r\u00e9alisation de son projet professionnel gr\u00e2ce \u00e0 un accompagnement personnalis\u00e9.<\/p><p>Vous avez une r\u00e9flexion en cours, vous souhaitez en savoir plus, prenons RDV d\u00e8s maintenant !<\/p>\t\t\t\t\t\t\t\t<\/div>\n\t\t\t\t<\/div>\n\t\t\t\t<div class=\"elementor-element elementor-element-e532a09 elementor-widget elementor-widget-button\" data-id=\"e532a09\" data-element_type=\"widget\" data-e-type=\"widget\" data-widget_type=\"button.default\">\n\t\t\t\t<div class=\"elementor-widget-container\">\n\t\t\t\t\t\t\t\t\t<div class=\"elementor-button-wrapper\">\n\t\t\t\t\t<a class=\"elementor-button elementor-button-link elementor-size-sm\" href=\"https:\/\/evoliarh.com\/index.php\/contact\/\">\n\t\t\t\t\t\t<span class=\"elementor-button-content-wrapper\">\n\t\t\t\t\t\t\t\t\t<span class=\"elementor-button-text\">Prise de RDV<\/span>\n\t\t\t\t\t<\/span>\n\t\t\t\t\t<\/a>\n\t\t\t\t<\/div>\n\t\t\t\t\t\t\t\t<\/div>\n\t\t\t\t<\/div>\n\t\t\t\t\t<\/div>\n\t\t<\/div>\n\t\t\t\t<div class=\"elementor-column elementor-col-50 elementor-inner-column elementor-element elementor-element-d9a83c5\" data-id=\"d9a83c5\" data-element_type=\"column\" data-e-type=\"column\" data-settings=\"{&quot;background_background&quot;:&quot;classic&quot;}\">\n\t\t\t<div class=\"elementor-widget-wrap elementor-element-populated\">\n\t\t\t\t\t\t<div class=\"elementor-element elementor-element-ef66f5e elementor-widget elementor-widget-image\" data-id=\"ef66f5e\" data-element_type=\"widget\" data-e-type=\"widget\" data-widget_type=\"image.default\">\n\t\t\t\t<div class=\"elementor-widget-container\">\n\t\t\t\t\t\t\t\t\t\t\t\t\t\t\t<img fetchpriority=\"high\" decoding=\"async\" width=\"1707\" height=\"2560\" src=\"https:\/\/evoliarh.com\/wp-content\/uploads\/2024\/04\/EvoliaRH-propose-un-service-doutplacement.webp\" class=\"attachment-full size-full wp-image-2517\" alt=\"Panneau d&#039;orientation pendant une aurore, \u00e9voquant les choix multiples d&#039;un outplacement\" srcset=\"https:\/\/evoliarh.com\/wp-content\/uploads\/2024\/04\/EvoliaRH-propose-un-service-doutplacement.webp 1707w, https:\/\/evoliarh.com\/wp-content\/uploads\/2024\/04\/EvoliaRH-propose-un-service-doutplacement-200x300.webp 200w, https:\/\/evoliarh.com\/wp-content\/uploads\/2024\/04\/EvoliaRH-propose-un-service-doutplacement-683x1024.webp 683w, https:\/\/evoliarh.com\/wp-content\/uploads\/2024\/04\/EvoliaRH-propose-un-service-doutplacement-768x1152.webp 768w, https:\/\/evoliarh.com\/wp-content\/uploads\/2024\/04\/EvoliaRH-propose-un-service-doutplacement-1024x1536.webp 1024w, https:\/\/evoliarh.com\/wp-content\/uploads\/2024\/04\/EvoliaRH-propose-un-service-doutplacement-1366x2048.webp 1366w\" sizes=\"(max-width: 1707px) 100vw, 1707px\" \/>\t\t\t\t\t\t\t\t\t\t\t\t\t\t\t<\/div>\n\t\t\t\t<\/div>\n\t\t\t\t\t<\/div>\n\t\t<\/div>\n\t\t\t\t\t<\/div>\n\t\t<\/section>\n\t\t\t\t\t<\/div>\n\t\t<\/div>\n\t\t\t\t\t<\/div>\n\t\t<\/section>\n\t\t\t\t<\/div>\n\t\t","protected":false},"excerpt":{"rendered":"<p>Services aux Entreprises Outplacement \u00e0 Lille Lorsque le parcours professionnel de l&rsquo;un de vos collaborateurs prend un tournant inattendu, l&rsquo;outplacement devient la cl\u00e9 qui transforme cette p\u00e9riode de transition en une opportunit\u00e9 positive. EvoliaRH intervient pour un outplacement \u00e0 Lille ou dans les Hauts de France. Outplacement \u00e0 Lille ou dans les Hauts de France [&hellip;]<\/p>\n","protected":false},"author":1,"featured_media":0,"parent":0,"menu_order":0,"comment_status":"closed","ping_status":"closed","template":"","meta":{"site-sidebar-layout":"default","site-content-layout":"page-builder","ast-site-content-layout":"full-width-container","site-content-style":"unboxed","site-sidebar-style":"unboxed","ast-global-header-display":"","ast-banner-title-visibility":"","ast-main-header-display":"","ast-hfb-above-header-display":"","ast-hfb-below-header-display":"","ast-hfb-mobile-header-display":"","site-post-title":"disabled","ast-breadcrumbs-content":"","ast-featured-img":"disabled","footer-sml-layout":"","ast-disable-related-posts":"","theme-transparent-header-meta":"enabled","adv-header-id-meta":"","stick-header-meta":"","header-above-stick-meta":"","header-main-stick-meta":"","header-below-stick-meta":"","astra-migrate-meta-layouts":"set","ast-page-background-enabled":"default","ast-page-background-meta":{"desktop":{"background-color":"","background-image":"","background-repeat":"repeat","background-position":"center center","background-size":"auto","background-attachment":"scroll","background-type":"","background-media":"","overlay-type":"","overlay-color":"","overlay-opacity":"","overlay-gradient":""},"tablet":{"background-color":"","background-image":"","background-repeat":"repeat","background-position":"center center","background-size":"auto","background-attachment":"scroll","background-type":"","background-media":"","overlay-type":"","overlay-color":"","overlay-opacity":"","overlay-gradient":""},"mobile":{"background-color":"","background-image":"","background-repeat":"repeat","background-position":"center center","background-size":"auto","background-attachment":"scroll","background-type":"","background-media":"","overlay-type":"","overlay-color":"","overlay-opacity":"","overlay-gradient":""}},"ast-content-background-meta":{"desktop":{"background-color":"var(--ast-global-color-5)","background-image":"","background-repeat":"repeat","background-position":"center center","background-size":"auto","background-attachment":"scroll","background-type":"","background-media":"","overlay-type":"","overlay-color":"","overlay-opacity":"","overlay-gradient":""},"tablet":{"background-color":"var(--ast-global-color-5)","background-image":"","background-repeat":"repeat","background-position":"center center","background-size":"auto","background-attachment":"scroll","background-type":"","background-media":"","overlay-type":"","overlay-color":"","overlay-opacity":"","overlay-gradient":""},"mobile":{"background-color":"var(--ast-global-color-5)","background-image":"","background-repeat":"repeat","background-position":"center center","background-size":"auto","background-attachment":"scroll","background-type":"","background-media":"","overlay-type":"","overlay-color":"","overlay-opacity":"","overlay-gradient":""}},"footnotes":""},"class_list":["post-2212","page","type-page","status-publish","hentry"],"yoast_head":"<!-- This site is optimized with the Yoast SEO plugin v27.4 - https:\/\/yoast.com\/product\/yoast-seo-wordpress\/ -->\n<title>Outplacement \u00e0 Lille<\/title>\n<meta name=\"description\" content=\"Besoin d&#039;optimiser la performance de votre entreprise ? EvoliaRH vous accompagne pour un outplacement \u00e0 Lille ou dans les Hauts de France.\" \/>\n<meta name=\"robots\" content=\"index, follow, max-snippet:-1, max-image-preview:large, max-video-preview:-1\" \/>\n<link rel=\"canonical\" href=\"https:\/\/evoliarh.com\/index.php\/outplacement\/\" \/>\n<meta property=\"og:locale\" content=\"fr_FR\" \/>\n<meta property=\"og:type\" content=\"article\" \/>\n<meta property=\"og:title\" content=\"Outplacement \u00e0 Lille\" \/>\n<meta property=\"og:description\" content=\"Besoin d&#039;optimiser la performance de votre entreprise ? EvoliaRH vous accompagne pour un outplacement \u00e0 Lille ou dans les Hauts de France.\" \/>\n<meta property=\"og:url\" content=\"https:\/\/evoliarh.com\/index.php\/outplacement\/\" \/>\n<meta property=\"og:site_name\" content=\"EvoliaRH\" \/>\n<meta property=\"article:modified_time\" content=\"2024-04-28T16:51:09+00:00\" \/>\n<meta property=\"og:image\" content=\"https:\/\/evoliarh.com\/wp-content\/uploads\/2024\/04\/EvoliaRH-propose-un-service-doutplacement.webp\" \/>\n<meta name=\"twitter:card\" content=\"summary_large_image\" \/>\n<meta name=\"twitter:label1\" content=\"Dur\u00e9e de lecture estim\u00e9e\" \/>\n\t<meta name=\"twitter:data1\" content=\"3 minutes\" \/>\n<script type=\"application\/ld+json\" class=\"yoast-schema-graph\">{\"@context\":\"https:\\\/\\\/schema.org\",\"@graph\":[{\"@type\":\"WebPage\",\"@id\":\"https:\\\/\\\/evoliarh.com\\\/index.php\\\/outplacement\\\/\",\"url\":\"https:\\\/\\\/evoliarh.com\\\/index.php\\\/outplacement\\\/\",\"name\":\"Outplacement \u00e0 Lille\",\"isPartOf\":{\"@id\":\"https:\\\/\\\/evoliarh.com\\\/#website\"},\"primaryImageOfPage\":{\"@id\":\"https:\\\/\\\/evoliarh.com\\\/index.php\\\/outplacement\\\/#primaryimage\"},\"image\":{\"@id\":\"https:\\\/\\\/evoliarh.com\\\/index.php\\\/outplacement\\\/#primaryimage\"},\"thumbnailUrl\":\"https:\\\/\\\/evoliarh.com\\\/wp-content\\\/uploads\\\/2024\\\/04\\\/EvoliaRH-propose-un-service-doutplacement.webp\",\"datePublished\":\"2024-03-16T16:13:51+00:00\",\"dateModified\":\"2024-04-28T16:51:09+00:00\",\"description\":\"Besoin d'optimiser la performance de votre entreprise ? EvoliaRH vous accompagne pour un outplacement \u00e0 Lille ou dans les Hauts de France.\",\"breadcrumb\":{\"@id\":\"https:\\\/\\\/evoliarh.com\\\/index.php\\\/outplacement\\\/#breadcrumb\"},\"inLanguage\":\"fr-FR\",\"potentialAction\":[{\"@type\":\"ReadAction\",\"target\":[\"https:\\\/\\\/evoliarh.com\\\/index.php\\\/outplacement\\\/\"]}]},{\"@type\":\"ImageObject\",\"inLanguage\":\"fr-FR\",\"@id\":\"https:\\\/\\\/evoliarh.com\\\/index.php\\\/outplacement\\\/#primaryimage\",\"url\":\"https:\\\/\\\/evoliarh.com\\\/wp-content\\\/uploads\\\/2024\\\/04\\\/EvoliaRH-propose-un-service-doutplacement.webp\",\"contentUrl\":\"https:\\\/\\\/evoliarh.com\\\/wp-content\\\/uploads\\\/2024\\\/04\\\/EvoliaRH-propose-un-service-doutplacement.webp\",\"width\":1707,\"height\":2560,\"caption\":\"Photo de Javier Allegue Barros sur Unsplash\"},{\"@type\":\"BreadcrumbList\",\"@id\":\"https:\\\/\\\/evoliarh.com\\\/index.php\\\/outplacement\\\/#breadcrumb\",\"itemListElement\":[{\"@type\":\"ListItem\",\"position\":1,\"name\":\"Accueil\",\"item\":\"https:\\\/\\\/evoliarh.com\\\/\"},{\"@type\":\"ListItem\",\"position\":2,\"name\":\"Outplacement\"}]},{\"@type\":\"WebSite\",\"@id\":\"https:\\\/\\\/evoliarh.com\\\/#website\",\"url\":\"https:\\\/\\\/evoliarh.com\\\/\",\"name\":\"EvoliaRH\",\"description\":\"Cabinet RH sp\u00e9cialis\u00e9 en \u00e9volution professionnelle\",\"publisher\":{\"@id\":\"https:\\\/\\\/evoliarh.com\\\/#organization\"},\"potentialAction\":[{\"@type\":\"SearchAction\",\"target\":{\"@type\":\"EntryPoint\",\"urlTemplate\":\"https:\\\/\\\/evoliarh.com\\\/?s={search_term_string}\"},\"query-input\":{\"@type\":\"PropertyValueSpecification\",\"valueRequired\":true,\"valueName\":\"search_term_string\"}}],\"inLanguage\":\"fr-FR\"},{\"@type\":\"Organization\",\"@id\":\"https:\\\/\\\/evoliarh.com\\\/#organization\",\"name\":\"EvoliaRH\",\"url\":\"https:\\\/\\\/evoliarh.com\\\/\",\"logo\":{\"@type\":\"ImageObject\",\"inLanguage\":\"fr-FR\",\"@id\":\"https:\\\/\\\/evoliarh.com\\\/#\\\/schema\\\/logo\\\/image\\\/\",\"url\":\"https:\\\/\\\/evoliarh.com\\\/wp-content\\\/uploads\\\/2023\\\/10\\\/cropped-Logo_EvoliaRH_V2-removebg-preview.png\",\"contentUrl\":\"https:\\\/\\\/evoliarh.com\\\/wp-content\\\/uploads\\\/2023\\\/10\\\/cropped-Logo_EvoliaRH_V2-removebg-preview.png\",\"width\":250,\"height\":125,\"caption\":\"EvoliaRH\"},\"image\":{\"@id\":\"https:\\\/\\\/evoliarh.com\\\/#\\\/schema\\\/logo\\\/image\\\/\"},\"sameAs\":[\"https:\\\/\\\/fr.linkedin.com\\\/company\\\/evoliarh\"]}]}<\/script>\n<!-- \/ Yoast SEO plugin. -->","yoast_head_json":{"title":"Outplacement \u00e0 Lille","description":"Besoin d'optimiser la performance de votre entreprise ? EvoliaRH vous accompagne pour un outplacement \u00e0 Lille ou dans les Hauts de France.","robots":{"index":"index","follow":"follow","max-snippet":"max-snippet:-1","max-image-preview":"max-image-preview:large","max-video-preview":"max-video-preview:-1"},"canonical":"https:\/\/evoliarh.com\/index.php\/outplacement\/","og_locale":"fr_FR","og_type":"article","og_title":"Outplacement \u00e0 Lille","og_description":"Besoin d'optimiser la performance de votre entreprise ? EvoliaRH vous accompagne pour un outplacement \u00e0 Lille ou dans les Hauts de France.","og_url":"https:\/\/evoliarh.com\/index.php\/outplacement\/","og_site_name":"EvoliaRH","article_modified_time":"2024-04-28T16:51:09+00:00","og_image":[{"url":"https:\/\/evoliarh.com\/wp-content\/uploads\/2024\/04\/EvoliaRH-propose-un-service-doutplacement.webp","type":"","width":"","height":""}],"twitter_card":"summary_large_image","twitter_misc":{"Dur\u00e9e de lecture estim\u00e9e":"3 minutes"},"schema":{"@context":"https:\/\/schema.org","@graph":[{"@type":"WebPage","@id":"https:\/\/evoliarh.com\/index.php\/outplacement\/","url":"https:\/\/evoliarh.com\/index.php\/outplacement\/","name":"Outplacement \u00e0 Lille","isPartOf":{"@id":"https:\/\/evoliarh.com\/#website"},"primaryImageOfPage":{"@id":"https:\/\/evoliarh.com\/index.php\/outplacement\/#primaryimage"},"image":{"@id":"https:\/\/evoliarh.com\/index.php\/outplacement\/#primaryimage"},"thumbnailUrl":"https:\/\/evoliarh.com\/wp-content\/uploads\/2024\/04\/EvoliaRH-propose-un-service-doutplacement.webp","datePublished":"2024-03-16T16:13:51+00:00","dateModified":"2024-04-28T16:51:09+00:00","description":"Besoin d'optimiser la performance de votre entreprise ? EvoliaRH vous accompagne pour un outplacement \u00e0 Lille ou dans les Hauts de France.","breadcrumb":{"@id":"https:\/\/evoliarh.com\/index.php\/outplacement\/#breadcrumb"},"inLanguage":"fr-FR","potentialAction":[{"@type":"ReadAction","target":["https:\/\/evoliarh.com\/index.php\/outplacement\/"]}]},{"@type":"ImageObject","inLanguage":"fr-FR","@id":"https:\/\/evoliarh.com\/index.php\/outplacement\/#primaryimage","url":"https:\/\/evoliarh.com\/wp-content\/uploads\/2024\/04\/EvoliaRH-propose-un-service-doutplacement.webp","contentUrl":"https:\/\/evoliarh.com\/wp-content\/uploads\/2024\/04\/EvoliaRH-propose-un-service-doutplacement.webp","width":1707,"height":2560,"caption":"Photo de Javier Allegue Barros sur Unsplash"},{"@type":"BreadcrumbList","@id":"https:\/\/evoliarh.com\/index.php\/outplacement\/#breadcrumb","itemListElement":[{"@type":"ListItem","position":1,"name":"Accueil","item":"https:\/\/evoliarh.com\/"},{"@type":"ListItem","position":2,"name":"Outplacement"}]},{"@type":"WebSite","@id":"https:\/\/evoliarh.com\/#website","url":"https:\/\/evoliarh.com\/","name":"EvoliaRH","description":"Cabinet RH sp\u00e9cialis\u00e9 en \u00e9volution professionnelle","publisher":{"@id":"https:\/\/evoliarh.com\/#organization"},"potentialAction":[{"@type":"SearchAction","target":{"@type":"EntryPoint","urlTemplate":"https:\/\/evoliarh.com\/?s={search_term_string}"},"query-input":{"@type":"PropertyValueSpecification","valueRequired":true,"valueName":"search_term_string"}}],"inLanguage":"fr-FR"},{"@type":"Organization","@id":"https:\/\/evoliarh.com\/#organization","name":"EvoliaRH","url":"https:\/\/evoliarh.com\/","logo":{"@type":"ImageObject","inLanguage":"fr-FR","@id":"https:\/\/evoliarh.com\/#\/schema\/logo\/image\/","url":"https:\/\/evoliarh.com\/wp-content\/uploads\/2023\/10\/cropped-Logo_EvoliaRH_V2-removebg-preview.png","contentUrl":"https:\/\/evoliarh.com\/wp-content\/uploads\/2023\/10\/cropped-Logo_EvoliaRH_V2-removebg-preview.png","width":250,"height":125,"caption":"EvoliaRH"},"image":{"@id":"https:\/\/evoliarh.com\/#\/schema\/logo\/image\/"},"sameAs":["https:\/\/fr.linkedin.com\/company\/evoliarh"]}]}},"_links":{"self":[{"href":"https:\/\/evoliarh.com\/index.php\/wp-json\/wp\/v2\/pages\/2212","targetHints":{"allow":["GET"]}}],"collection":[{"href":"https:\/\/evoliarh.com\/index.php\/wp-json\/wp\/v2\/pages"}],"about":[{"href":"https:\/\/evoliarh.com\/index.php\/wp-json\/wp\/v2\/types\/page"}],"author":[{"embeddable":true,"href":"https:\/\/evoliarh.com\/index.php\/wp-json\/wp\/v2\/users\/1"}],"replies":[{"embeddable":true,"href":"https:\/\/evoliarh.com\/index.php\/wp-json\/wp\/v2\/comments?post=2212"}],"version-history":[{"count":37,"href":"https:\/\/evoliarh.com\/index.php\/wp-json\/wp\/v2\/pages\/2212\/revisions"}],"predecessor-version":[{"id":2575,"href":"https:\/\/evoliarh.com\/index.php\/wp-json\/wp\/v2\/pages\/2212\/revisions\/2575"}],"wp:attachment":[{"href":"https:\/\/evoliarh.com\/index.php\/wp-json\/wp\/v2\/media?parent=2212"}],"curies":[{"name":"wp","href":"https:\/\/api.w.org\/{rel}","templated":true}]}}