{"id":8,"date":"2024-02-01T12:00:55","date_gmt":"2024-02-01T11:00:55","guid":{"rendered":"https:\/\/evoliarh.com\/index.php\/about\/"},"modified":"2024-04-28T18:07:43","modified_gmt":"2024-04-28T16:07:43","slug":"nous-connaitre","status":"publish","type":"page","link":"https:\/\/evoliarh.com\/index.php\/nous-connaitre\/","title":{"rendered":"Nous conna\u00eetre"},"content":{"rendered":"\t\t<div data-elementor-type=\"wp-post\" data-elementor-id=\"8\" class=\"elementor elementor-8\">\n\t\t\t\t\t\t<section class=\"elementor-section elementor-top-section elementor-element elementor-element-6e99129 elementor-section-boxed elementor-section-height-default elementor-section-height-default\" data-id=\"6e99129\" data-element_type=\"section\" data-e-type=\"section\" data-settings=\"{&quot;background_background&quot;:&quot;classic&quot;}\">\n\t\t\t\t\t\t\t<div class=\"elementor-background-overlay\"><\/div>\n\t\t\t\t\t\t\t<div class=\"elementor-container elementor-column-gap-no\">\n\t\t\t\t\t<div class=\"elementor-column elementor-col-100 elementor-top-column elementor-element elementor-element-4416359\" data-id=\"4416359\" data-element_type=\"column\" data-e-type=\"column\">\n\t\t\t<div class=\"elementor-widget-wrap elementor-element-populated\">\n\t\t\t\t\t\t<div class=\"elementor-element elementor-element-18999a8 elementor-widget elementor-widget-heading\" data-id=\"18999a8\" data-element_type=\"widget\" data-e-type=\"widget\" data-widget_type=\"heading.default\">\n\t\t\t\t<div class=\"elementor-widget-container\">\n\t\t\t\t\t<h5 class=\"elementor-heading-title elementor-size-default\">Quelques mots<\/h5>\t\t\t\t<\/div>\n\t\t\t\t<\/div>\n\t\t\t\t<div class=\"elementor-element elementor-element-754968b elementor-widget elementor-widget-heading\" data-id=\"754968b\" data-element_type=\"widget\" data-e-type=\"widget\" data-widget_type=\"heading.default\">\n\t\t\t\t<div class=\"elementor-widget-container\">\n\t\t\t\t\t<h1 class=\"elementor-heading-title elementor-size-default\">Pour nous conna\u00eetre<\/h1>\t\t\t\t<\/div>\n\t\t\t\t<\/div>\n\t\t\t\t\t<\/div>\n\t\t<\/div>\n\t\t\t\t\t<\/div>\n\t\t<\/section>\n\t\t\t\t<section class=\"elementor-section elementor-top-section elementor-element elementor-element-6785f070 elementor-section-content-middle elementor-section-boxed elementor-section-height-default elementor-section-height-default\" data-id=\"6785f070\" data-element_type=\"section\" data-e-type=\"section\" data-settings=\"{&quot;background_background&quot;:&quot;classic&quot;}\">\n\t\t\t\t\t\t<div class=\"elementor-container elementor-column-gap-no\">\n\t\t\t\t\t<div class=\"elementor-column elementor-col-50 elementor-top-column elementor-element elementor-element-236a079\" data-id=\"236a079\" data-element_type=\"column\" data-e-type=\"column\">\n\t\t\t<div class=\"elementor-widget-wrap elementor-element-populated\">\n\t\t\t\t\t\t<div class=\"elementor-element elementor-element-3d0aa540 elementor-widget elementor-widget-heading\" data-id=\"3d0aa540\" data-element_type=\"widget\" data-e-type=\"widget\" data-widget_type=\"heading.default\">\n\t\t\t\t<div class=\"elementor-widget-container\">\n\t\t\t\t\t<h2 class=\"elementor-heading-title elementor-size-default\">Guillemette Humez<\/h2>\t\t\t\t<\/div>\n\t\t\t\t<\/div>\n\t\t\t\t<div class=\"elementor-element elementor-element-f54774f elementor-widget elementor-widget-heading\" data-id=\"f54774f\" data-element_type=\"widget\" data-e-type=\"widget\" data-widget_type=\"heading.default\">\n\t\t\t\t<div class=\"elementor-widget-container\">\n\t\t\t\t\t<h4 class=\"elementor-heading-title elementor-size-default\">Directrice EvoliaRH<\/h4>\t\t\t\t<\/div>\n\t\t\t\t<\/div>\n\t\t\t\t<div class=\"elementor-element elementor-element-5aabbfce elementor-widget elementor-widget-text-editor\" data-id=\"5aabbfce\" data-element_type=\"widget\" data-e-type=\"widget\" data-widget_type=\"text-editor.default\">\n\t\t\t\t<div class=\"elementor-widget-container\">\n\t\t\t\t\t\t\t\t\t<p>Mon parcours professionnel est tourn\u00e9 vers l\u2019humain et l&rsquo;entreprise.<\/p><p>D&rsquo;abord, j\u2019ai exerc\u00e9 pendant pr\u00e8s de 15 ans au sein de la fonction RH de diff\u00e9rentes entreprises (Retail, SSII, soci\u00e9t\u00e9s de prestations de services BtoB), jusqu&rsquo;\u00e0 devenir RRH Groupe (3500 Collaborateurs, 50M\u20ac de CA). Puis, soucieuse de vouloir d\u00e9couvrir l&rsquo;entreprise et de contribuer \u00e0 sa croissance sous un autre prisme, j&rsquo;ai pris la direction de l&rsquo;une des agences (350 Collaborateurs, 5M\u20ac de CA) de ce m\u00eame groupe. Ainsi, cela m&rsquo;amena \u00e0 occuper des fonctions de management op\u00e9rationnel. Par cons\u00e9quent, j&rsquo;ai exp\u00e9riment\u00e9 l&rsquo;accompagnement de diff\u00e9rents m\u00e9tiers : commerciaux, managers de terrain, gestionnaires RH,&#8230;<\/p><p><span style=\"font-style: inherit; font-weight: inherit; background-color: var(--ast-global-color-4); color: var(--ast-global-color-3);\">En d\u00e9finitive, je suis convaincue depuis le d\u00e9but de ma carri\u00e8re qu\u2019il n\u2019y a pas de business p\u00e9renne sans la prise en compte de la dimension humaine. En cons\u00e9quence, j\u2019ai fait le choix de donner un nouvel \u00e9lan \u00e0 ma carri\u00e8re. Depuis 2023, je suis certifi\u00e9e Coach professionnelle par l\u2019<\/span><a style=\"font-style: inherit; font-weight: inherit;\" href=\"https:\/\/coachingfederation.org\/\" target=\"_blank\" rel=\"noopener\">ICF (International Coaching Federation)<\/a><span style=\"font-style: inherit; font-weight: inherit; background-color: var(--ast-global-color-4); color: var(--ast-global-color-3);\">, ainsi qu&rsquo;\u00e0 la pratique du Bilan de Comp\u00e9tences.<\/span><\/p><p>Aujourd&rsquo;hui, forte de ces deux d\u00e9cennies d&rsquo;exp\u00e9rience au c\u0153ur des dynamiques sociales et organisationnelles, c&rsquo;est avec passion et d\u00e9termination que je poursuis mon chemin. Plus que jamais, je suis anim\u00e9e par la conviction que le capital humain demeure le levier essentiel de la r\u00e9ussite durable d&rsquo;une entreprise. Mon objectif est de continuer \u00e0 \u00eatre au service des Femmes et des Hommes pour les accompagner vers leur \u00e9panouissement professionnel. Et cet \u00e9panouissement peut se traduire\u00a0<span style=\"background-color: var(--ast-global-color-4); color: var(--ast-global-color-3); font-size: 1rem;\">au sein de leur entreprise actuelle ou vers de nouveaux horizons.<\/span><\/p>\t\t\t\t\t\t\t\t<\/div>\n\t\t\t\t<\/div>\n\t\t\t\t<div class=\"elementor-element elementor-element-063990c e-grid-align-left elementor-shape-rounded elementor-grid-0 elementor-widget elementor-widget-social-icons\" data-id=\"063990c\" data-element_type=\"widget\" data-e-type=\"widget\" data-widget_type=\"social-icons.default\">\n\t\t\t\t<div class=\"elementor-widget-container\">\n\t\t\t\t\t\t\t<div class=\"elementor-social-icons-wrapper elementor-grid\">\n\t\t\t\t\t\t\t<span class=\"elementor-grid-item\">\n\t\t\t\t\t<a class=\"elementor-icon elementor-social-icon elementor-social-icon-linkedin elementor-repeater-item-a3201b4\" href=\"http:\/\/www.linkedin.com\/in\/guillemette-humez\" target=\"_blank\">\n\t\t\t\t\t\t<span class=\"elementor-screen-only\">Linkedin<\/span>\n\t\t\t\t\t\t<i aria-hidden=\"true\" class=\"fab fa-linkedin\"><\/i>\t\t\t\t\t<\/a>\n\t\t\t\t<\/span>\n\t\t\t\t\t<\/div>\n\t\t\t\t\t\t<\/div>\n\t\t\t\t<\/div>\n\t\t\t\t\t<\/div>\n\t\t<\/div>\n\t\t\t\t<div class=\"elementor-column elementor-col-50 elementor-top-column elementor-element elementor-element-2c9a3eef\" data-id=\"2c9a3eef\" data-element_type=\"column\" data-e-type=\"column\" data-settings=\"{&quot;background_background&quot;:&quot;classic&quot;}\">\n\t\t\t<div class=\"elementor-widget-wrap elementor-element-populated\">\n\t\t\t\t\t\t<div class=\"elementor-element elementor-element-080a8ec elementor-widget elementor-widget-image\" data-id=\"080a8ec\" data-element_type=\"widget\" data-e-type=\"widget\" data-widget_type=\"image.default\">\n\t\t\t\t<div class=\"elementor-widget-container\">\n\t\t\t\t\t\t\t\t\t\t\t\t\t\t\t<img fetchpriority=\"high\" decoding=\"async\" width=\"722\" height=\"1024\" src=\"https:\/\/evoliarh.com\/wp-content\/uploads\/2024\/04\/Guillemette-Humez-chez-EvoliaRH-722x1024.webp\" class=\"attachment-large size-large wp-image-2521\" alt=\"Guillemette Humez, son parcours professionnel et EvoliaRH\" srcset=\"https:\/\/evoliarh.com\/wp-content\/uploads\/2024\/04\/Guillemette-Humez-chez-EvoliaRH-722x1024.webp 722w, https:\/\/evoliarh.com\/wp-content\/uploads\/2024\/04\/Guillemette-Humez-chez-EvoliaRH-211x300.webp 211w, https:\/\/evoliarh.com\/wp-content\/uploads\/2024\/04\/Guillemette-Humez-chez-EvoliaRH-768x1090.webp 768w, https:\/\/evoliarh.com\/wp-content\/uploads\/2024\/04\/Guillemette-Humez-chez-EvoliaRH-1082x1536.webp 1082w, https:\/\/evoliarh.com\/wp-content\/uploads\/2024\/04\/Guillemette-Humez-chez-EvoliaRH-1443x2048.webp 1443w, https:\/\/evoliarh.com\/wp-content\/uploads\/2024\/04\/Guillemette-Humez-chez-EvoliaRH.webp 1804w\" sizes=\"(max-width: 722px) 100vw, 722px\" \/>\t\t\t\t\t\t\t\t\t\t\t\t\t\t\t<\/div>\n\t\t\t\t<\/div>\n\t\t\t\t\t<\/div>\n\t\t<\/div>\n\t\t\t\t\t<\/div>\n\t\t<\/section>\n\t\t\t\t<section class=\"elementor-section elementor-top-section elementor-element elementor-element-258f1039 elementor-section-content-middle elementor-section-boxed elementor-section-height-default elementor-section-height-default\" data-id=\"258f1039\" data-element_type=\"section\" data-e-type=\"section\" data-settings=\"{&quot;background_background&quot;:&quot;classic&quot;}\">\n\t\t\t\t\t\t\t<div class=\"elementor-background-overlay\"><\/div>\n\t\t\t\t\t\t\t<div class=\"elementor-container elementor-column-gap-no\">\n\t\t\t\t\t<div class=\"elementor-column elementor-col-100 elementor-top-column elementor-element elementor-element-621c72c3\" data-id=\"621c72c3\" data-element_type=\"column\" data-e-type=\"column\">\n\t\t\t<div class=\"elementor-widget-wrap elementor-element-populated\">\n\t\t\t\t\t\t<section class=\"elementor-section elementor-inner-section elementor-element elementor-element-216ab9b elementor-section-boxed elementor-section-height-default elementor-section-height-default\" data-id=\"216ab9b\" data-element_type=\"section\" data-e-type=\"section\">\n\t\t\t\t\t\t<div class=\"elementor-container elementor-column-gap-default\">\n\t\t\t\t\t<div class=\"elementor-column elementor-col-100 elementor-inner-column elementor-element elementor-element-0b1cb91\" data-id=\"0b1cb91\" data-element_type=\"column\" data-e-type=\"column\">\n\t\t\t<div class=\"elementor-widget-wrap elementor-element-populated\">\n\t\t\t\t\t\t<div class=\"elementor-element elementor-element-1aa32854 elementor-widget elementor-widget-heading\" data-id=\"1aa32854\" data-element_type=\"widget\" data-e-type=\"widget\" data-widget_type=\"heading.default\">\n\t\t\t\t<div class=\"elementor-widget-container\">\n\t\t\t\t\t<h6 class=\"elementor-heading-title elementor-size-default\">Une question ? Une interrogation ?<\/h6>\t\t\t\t<\/div>\n\t\t\t\t<\/div>\n\t\t\t\t<div class=\"elementor-element elementor-element-7b8aedf0 elementor-widget elementor-widget-heading\" data-id=\"7b8aedf0\" data-element_type=\"widget\" data-e-type=\"widget\" data-widget_type=\"heading.default\">\n\t\t\t\t<div class=\"elementor-widget-container\">\n\t\t\t\t\t<h2 class=\"elementor-heading-title elementor-size-default\">Discutons de votre propre parcours professionnel !<\/h2>\t\t\t\t<\/div>\n\t\t\t\t<\/div>\n\t\t\t\t<div class=\"elementor-element elementor-element-ebfbb7b elementor-widget elementor-widget-text-editor\" data-id=\"ebfbb7b\" data-element_type=\"widget\" data-e-type=\"widget\" data-widget_type=\"text-editor.default\">\n\t\t\t\t<div class=\"elementor-widget-container\">\n\t\t\t\t\t\t\t\t\t<p>Vous avez un ou plusieurs objectifs en t\u00eate\u00a0que vous souhaitez concr\u00e9tiser ? Rencontrons-nous, et faisons connaissance autour d\u2019un caf\u00e9 ou d\u2019un th\u00e9, pour discuter de la mani\u00e8re dont nous pouvons collaborer. R\u00e9servez maintenant votre premi\u00e8re rencontre.<\/p>\t\t\t\t\t\t\t\t<\/div>\n\t\t\t\t<\/div>\n\t\t\t\t\t<\/div>\n\t\t<\/div>\n\t\t\t\t\t<\/div>\n\t\t<\/section>\n\t\t\t\t<div class=\"elementor-element elementor-element-3a7d7fd elementor-widget elementor-widget-spacer\" data-id=\"3a7d7fd\" data-element_type=\"widget\" data-e-type=\"widget\" data-widget_type=\"spacer.default\">\n\t\t\t\t<div class=\"elementor-widget-container\">\n\t\t\t\t\t\t\t<div class=\"elementor-spacer\">\n\t\t\t<div class=\"elementor-spacer-inner\"><\/div>\n\t\t<\/div>\n\t\t\t\t\t\t<\/div>\n\t\t\t\t<\/div>\n\t\t\t\t<div class=\"elementor-element elementor-element-5c1cb54 elementor-align-center elementor-widget elementor-widget-button\" data-id=\"5c1cb54\" data-element_type=\"widget\" data-e-type=\"widget\" data-widget_type=\"button.default\">\n\t\t\t\t<div class=\"elementor-widget-container\">\n\t\t\t\t\t\t\t\t\t<div class=\"elementor-button-wrapper\">\n\t\t\t\t\t<a class=\"elementor-button elementor-button-link elementor-size-sm\" href=\"https:\/\/evoliarh.com\/index.php\/contact\/\">\n\t\t\t\t\t\t<span class=\"elementor-button-content-wrapper\">\n\t\t\t\t\t\t\t\t\t<span class=\"elementor-button-text\">Contactez-nous<\/span>\n\t\t\t\t\t<\/span>\n\t\t\t\t\t<\/a>\n\t\t\t\t<\/div>\n\t\t\t\t\t\t\t\t<\/div>\n\t\t\t\t<\/div>\n\t\t\t\t\t<\/div>\n\t\t<\/div>\n\t\t\t\t\t<\/div>\n\t\t<\/section>\n\t\t\t\t<\/div>\n\t\t","protected":false},"excerpt":{"rendered":"<p>Quelques mots Pour nous conna\u00eetre Guillemette Humez Directrice EvoliaRH Mon parcours professionnel est tourn\u00e9 vers l\u2019humain et l&rsquo;entreprise. D&rsquo;abord, j\u2019ai exerc\u00e9 pendant pr\u00e8s de 15 ans au sein de la fonction RH de diff\u00e9rentes entreprises (Retail, SSII, soci\u00e9t\u00e9s de prestations de services BtoB), jusqu&rsquo;\u00e0 devenir RRH Groupe (3500 Collaborateurs, 50M\u20ac de CA). Puis, soucieuse de [&hellip;]<\/p>\n","protected":false},"author":1,"featured_media":0,"parent":0,"menu_order":0,"comment_status":"closed","ping_status":"closed","template":"","meta":{"site-sidebar-layout":"default","site-content-layout":"page-builder","ast-site-content-layout":"full-width-container","site-content-style":"unboxed","site-sidebar-style":"unboxed","ast-global-header-display":"","ast-banner-title-visibility":"","ast-main-header-display":"","ast-hfb-above-header-display":"","ast-hfb-below-header-display":"","ast-hfb-mobile-header-display":"","site-post-title":"disabled","ast-breadcrumbs-content":"","ast-featured-img":"disabled","footer-sml-layout":"","ast-disable-related-posts":"","theme-transparent-header-meta":"enabled","adv-header-id-meta":"","stick-header-meta":"","header-above-stick-meta":"","header-main-stick-meta":"","header-below-stick-meta":"","astra-migrate-meta-layouts":"set","ast-page-background-enabled":"default","ast-page-background-meta":{"desktop":{"background-color":"","background-image":"","background-repeat":"repeat","background-position":"center center","background-size":"auto","background-attachment":"scroll","background-type":"","background-media":"","overlay-type":"","overlay-color":"","overlay-opacity":"","overlay-gradient":""},"tablet":{"background-color":"","background-image":"","background-repeat":"repeat","background-position":"center center","background-size":"auto","background-attachment":"scroll","background-type":"","background-media":"","overlay-type":"","overlay-color":"","overlay-opacity":"","overlay-gradient":""},"mobile":{"background-color":"","background-image":"","background-repeat":"repeat","background-position":"center center","background-size":"auto","background-attachment":"scroll","background-type":"","background-media":"","overlay-type":"","overlay-color":"","overlay-opacity":"","overlay-gradient":""}},"ast-content-background-meta":{"desktop":{"background-color":"var(--ast-global-color-5)","background-image":"","background-repeat":"repeat","background-position":"center center","background-size":"auto","background-attachment":"scroll","background-type":"","background-media":"","overlay-type":"","overlay-color":"","overlay-opacity":"","overlay-gradient":""},"tablet":{"background-color":"var(--ast-global-color-5)","background-image":"","background-repeat":"repeat","background-position":"center center","background-size":"auto","background-attachment":"scroll","background-type":"","background-media":"","overlay-type":"","overlay-color":"","overlay-opacity":"","overlay-gradient":""},"mobile":{"background-color":"var(--ast-global-color-5)","background-image":"","background-repeat":"repeat","background-position":"center center","background-size":"auto","background-attachment":"scroll","background-type":"","background-media":"","overlay-type":"","overlay-color":"","overlay-opacity":"","overlay-gradient":""}},"footnotes":""},"class_list":["post-8","page","type-page","status-publish","hentry"],"yoast_head":"<!-- This site is optimized with the Yoast SEO plugin v27.4 - https:\/\/yoast.com\/product\/yoast-seo-wordpress\/ -->\n<title>Nous conna\u00eetre - Parcours professionnel<\/title>\n<meta name=\"description\" content=\"Guillemette Humez, fondatrice et directrice d&#039;EvoliaRH, pr\u00e9sente son parcours professionnel et les conditions de cr\u00e9ation de sa structure.\" \/>\n<meta name=\"robots\" content=\"index, follow, max-snippet:-1, max-image-preview:large, max-video-preview:-1\" \/>\n<link rel=\"canonical\" href=\"https:\/\/evoliarh.com\/index.php\/nous-connaitre\/\" \/>\n<meta property=\"og:locale\" content=\"fr_FR\" \/>\n<meta property=\"og:type\" content=\"article\" \/>\n<meta property=\"og:title\" content=\"Nous conna\u00eetre - Parcours professionnel\" \/>\n<meta property=\"og:description\" content=\"Guillemette Humez, fondatrice et directrice d&#039;EvoliaRH, pr\u00e9sente son parcours professionnel et les conditions de cr\u00e9ation de sa structure.\" \/>\n<meta property=\"og:url\" content=\"https:\/\/evoliarh.com\/index.php\/nous-connaitre\/\" \/>\n<meta property=\"og:site_name\" content=\"EvoliaRH\" \/>\n<meta property=\"article:modified_time\" content=\"2024-04-28T16:07:43+00:00\" \/>\n<meta property=\"og:image\" content=\"https:\/\/evoliarh.com\/wp-content\/uploads\/2024\/04\/Guillemette-Humez-chez-EvoliaRH-722x1024.webp\" \/>\n<meta name=\"twitter:card\" content=\"summary_large_image\" \/>\n<meta name=\"twitter:label1\" content=\"Dur\u00e9e de lecture estim\u00e9e\" \/>\n\t<meta name=\"twitter:data1\" content=\"2 minutes\" \/>\n<script type=\"application\/ld+json\" class=\"yoast-schema-graph\">{\"@context\":\"https:\\\/\\\/schema.org\",\"@graph\":[{\"@type\":\"WebPage\",\"@id\":\"https:\\\/\\\/evoliarh.com\\\/index.php\\\/nous-connaitre\\\/\",\"url\":\"https:\\\/\\\/evoliarh.com\\\/index.php\\\/nous-connaitre\\\/\",\"name\":\"Nous conna\u00eetre - Parcours professionnel\",\"isPartOf\":{\"@id\":\"https:\\\/\\\/evoliarh.com\\\/#website\"},\"primaryImageOfPage\":{\"@id\":\"https:\\\/\\\/evoliarh.com\\\/index.php\\\/nous-connaitre\\\/#primaryimage\"},\"image\":{\"@id\":\"https:\\\/\\\/evoliarh.com\\\/index.php\\\/nous-connaitre\\\/#primaryimage\"},\"thumbnailUrl\":\"https:\\\/\\\/evoliarh.com\\\/wp-content\\\/uploads\\\/2024\\\/04\\\/Guillemette-Humez-chez-EvoliaRH-722x1024.webp\",\"datePublished\":\"2024-02-01T11:00:55+00:00\",\"dateModified\":\"2024-04-28T16:07:43+00:00\",\"description\":\"Guillemette Humez, fondatrice et directrice d'EvoliaRH, pr\u00e9sente son parcours professionnel et les conditions de cr\u00e9ation de sa structure.\",\"breadcrumb\":{\"@id\":\"https:\\\/\\\/evoliarh.com\\\/index.php\\\/nous-connaitre\\\/#breadcrumb\"},\"inLanguage\":\"fr-FR\",\"potentialAction\":[{\"@type\":\"ReadAction\",\"target\":[\"https:\\\/\\\/evoliarh.com\\\/index.php\\\/nous-connaitre\\\/\"]}]},{\"@type\":\"ImageObject\",\"inLanguage\":\"fr-FR\",\"@id\":\"https:\\\/\\\/evoliarh.com\\\/index.php\\\/nous-connaitre\\\/#primaryimage\",\"url\":\"https:\\\/\\\/evoliarh.com\\\/wp-content\\\/uploads\\\/2024\\\/04\\\/Guillemette-Humez-chez-EvoliaRH.webp\",\"contentUrl\":\"https:\\\/\\\/evoliarh.com\\\/wp-content\\\/uploads\\\/2024\\\/04\\\/Guillemette-Humez-chez-EvoliaRH.webp\",\"width\":1804,\"height\":2560,\"caption\":\"Photo de Ludivine Franchomme\"},{\"@type\":\"BreadcrumbList\",\"@id\":\"https:\\\/\\\/evoliarh.com\\\/index.php\\\/nous-connaitre\\\/#breadcrumb\",\"itemListElement\":[{\"@type\":\"ListItem\",\"position\":1,\"name\":\"Accueil\",\"item\":\"https:\\\/\\\/evoliarh.com\\\/\"},{\"@type\":\"ListItem\",\"position\":2,\"name\":\"Nous conna\u00eetre\"}]},{\"@type\":\"WebSite\",\"@id\":\"https:\\\/\\\/evoliarh.com\\\/#website\",\"url\":\"https:\\\/\\\/evoliarh.com\\\/\",\"name\":\"EvoliaRH\",\"description\":\"Cabinet RH sp\u00e9cialis\u00e9 en \u00e9volution professionnelle\",\"publisher\":{\"@id\":\"https:\\\/\\\/evoliarh.com\\\/#organization\"},\"potentialAction\":[{\"@type\":\"SearchAction\",\"target\":{\"@type\":\"EntryPoint\",\"urlTemplate\":\"https:\\\/\\\/evoliarh.com\\\/?s={search_term_string}\"},\"query-input\":{\"@type\":\"PropertyValueSpecification\",\"valueRequired\":true,\"valueName\":\"search_term_string\"}}],\"inLanguage\":\"fr-FR\"},{\"@type\":\"Organization\",\"@id\":\"https:\\\/\\\/evoliarh.com\\\/#organization\",\"name\":\"EvoliaRH\",\"url\":\"https:\\\/\\\/evoliarh.com\\\/\",\"logo\":{\"@type\":\"ImageObject\",\"inLanguage\":\"fr-FR\",\"@id\":\"https:\\\/\\\/evoliarh.com\\\/#\\\/schema\\\/logo\\\/image\\\/\",\"url\":\"https:\\\/\\\/evoliarh.com\\\/wp-content\\\/uploads\\\/2023\\\/10\\\/cropped-Logo_EvoliaRH_V2-removebg-preview.png\",\"contentUrl\":\"https:\\\/\\\/evoliarh.com\\\/wp-content\\\/uploads\\\/2023\\\/10\\\/cropped-Logo_EvoliaRH_V2-removebg-preview.png\",\"width\":250,\"height\":125,\"caption\":\"EvoliaRH\"},\"image\":{\"@id\":\"https:\\\/\\\/evoliarh.com\\\/#\\\/schema\\\/logo\\\/image\\\/\"},\"sameAs\":[\"https:\\\/\\\/fr.linkedin.com\\\/company\\\/evoliarh\"]}]}<\/script>\n<!-- \/ Yoast SEO plugin. -->","yoast_head_json":{"title":"Nous conna\u00eetre - Parcours professionnel","description":"Guillemette Humez, fondatrice et directrice d'EvoliaRH, pr\u00e9sente son parcours professionnel et les conditions de cr\u00e9ation de sa structure.","robots":{"index":"index","follow":"follow","max-snippet":"max-snippet:-1","max-image-preview":"max-image-preview:large","max-video-preview":"max-video-preview:-1"},"canonical":"https:\/\/evoliarh.com\/index.php\/nous-connaitre\/","og_locale":"fr_FR","og_type":"article","og_title":"Nous conna\u00eetre - Parcours professionnel","og_description":"Guillemette Humez, fondatrice et directrice d'EvoliaRH, pr\u00e9sente son parcours professionnel et les conditions de cr\u00e9ation de sa structure.","og_url":"https:\/\/evoliarh.com\/index.php\/nous-connaitre\/","og_site_name":"EvoliaRH","article_modified_time":"2024-04-28T16:07:43+00:00","og_image":[{"url":"https:\/\/evoliarh.com\/wp-content\/uploads\/2024\/04\/Guillemette-Humez-chez-EvoliaRH-722x1024.webp","type":"","width":"","height":""}],"twitter_card":"summary_large_image","twitter_misc":{"Dur\u00e9e de lecture estim\u00e9e":"2 minutes"},"schema":{"@context":"https:\/\/schema.org","@graph":[{"@type":"WebPage","@id":"https:\/\/evoliarh.com\/index.php\/nous-connaitre\/","url":"https:\/\/evoliarh.com\/index.php\/nous-connaitre\/","name":"Nous conna\u00eetre - Parcours professionnel","isPartOf":{"@id":"https:\/\/evoliarh.com\/#website"},"primaryImageOfPage":{"@id":"https:\/\/evoliarh.com\/index.php\/nous-connaitre\/#primaryimage"},"image":{"@id":"https:\/\/evoliarh.com\/index.php\/nous-connaitre\/#primaryimage"},"thumbnailUrl":"https:\/\/evoliarh.com\/wp-content\/uploads\/2024\/04\/Guillemette-Humez-chez-EvoliaRH-722x1024.webp","datePublished":"2024-02-01T11:00:55+00:00","dateModified":"2024-04-28T16:07:43+00:00","description":"Guillemette Humez, fondatrice et directrice d'EvoliaRH, pr\u00e9sente son parcours professionnel et les conditions de cr\u00e9ation de sa structure.","breadcrumb":{"@id":"https:\/\/evoliarh.com\/index.php\/nous-connaitre\/#breadcrumb"},"inLanguage":"fr-FR","potentialAction":[{"@type":"ReadAction","target":["https:\/\/evoliarh.com\/index.php\/nous-connaitre\/"]}]},{"@type":"ImageObject","inLanguage":"fr-FR","@id":"https:\/\/evoliarh.com\/index.php\/nous-connaitre\/#primaryimage","url":"https:\/\/evoliarh.com\/wp-content\/uploads\/2024\/04\/Guillemette-Humez-chez-EvoliaRH.webp","contentUrl":"https:\/\/evoliarh.com\/wp-content\/uploads\/2024\/04\/Guillemette-Humez-chez-EvoliaRH.webp","width":1804,"height":2560,"caption":"Photo de Ludivine Franchomme"},{"@type":"BreadcrumbList","@id":"https:\/\/evoliarh.com\/index.php\/nous-connaitre\/#breadcrumb","itemListElement":[{"@type":"ListItem","position":1,"name":"Accueil","item":"https:\/\/evoliarh.com\/"},{"@type":"ListItem","position":2,"name":"Nous conna\u00eetre"}]},{"@type":"WebSite","@id":"https:\/\/evoliarh.com\/#website","url":"https:\/\/evoliarh.com\/","name":"EvoliaRH","description":"Cabinet RH sp\u00e9cialis\u00e9 en \u00e9volution professionnelle","publisher":{"@id":"https:\/\/evoliarh.com\/#organization"},"potentialAction":[{"@type":"SearchAction","target":{"@type":"EntryPoint","urlTemplate":"https:\/\/evoliarh.com\/?s={search_term_string}"},"query-input":{"@type":"PropertyValueSpecification","valueRequired":true,"valueName":"search_term_string"}}],"inLanguage":"fr-FR"},{"@type":"Organization","@id":"https:\/\/evoliarh.com\/#organization","name":"EvoliaRH","url":"https:\/\/evoliarh.com\/","logo":{"@type":"ImageObject","inLanguage":"fr-FR","@id":"https:\/\/evoliarh.com\/#\/schema\/logo\/image\/","url":"https:\/\/evoliarh.com\/wp-content\/uploads\/2023\/10\/cropped-Logo_EvoliaRH_V2-removebg-preview.png","contentUrl":"https:\/\/evoliarh.com\/wp-content\/uploads\/2023\/10\/cropped-Logo_EvoliaRH_V2-removebg-preview.png","width":250,"height":125,"caption":"EvoliaRH"},"image":{"@id":"https:\/\/evoliarh.com\/#\/schema\/logo\/image\/"},"sameAs":["https:\/\/fr.linkedin.com\/company\/evoliarh"]}]}},"_links":{"self":[{"href":"https:\/\/evoliarh.com\/index.php\/wp-json\/wp\/v2\/pages\/8","targetHints":{"allow":["GET"]}}],"collection":[{"href":"https:\/\/evoliarh.com\/index.php\/wp-json\/wp\/v2\/pages"}],"about":[{"href":"https:\/\/evoliarh.com\/index.php\/wp-json\/wp\/v2\/types\/page"}],"author":[{"embeddable":true,"href":"https:\/\/evoliarh.com\/index.php\/wp-json\/wp\/v2\/users\/1"}],"replies":[{"embeddable":true,"href":"https:\/\/evoliarh.com\/index.php\/wp-json\/wp\/v2\/comments?post=8"}],"version-history":[{"count":135,"href":"https:\/\/evoliarh.com\/index.php\/wp-json\/wp\/v2\/pages\/8\/revisions"}],"predecessor-version":[{"id":2531,"href":"https:\/\/evoliarh.com\/index.php\/wp-json\/wp\/v2\/pages\/8\/revisions\/2531"}],"wp:attachment":[{"href":"https:\/\/evoliarh.com\/index.php\/wp-json\/wp\/v2\/media?parent=8"}],"curies":[{"name":"wp","href":"https:\/\/api.w.org\/{rel}","templated":true}]}}